{"id":130,"date":"2026-04-21T13:54:21","date_gmt":"2026-04-21T11:54:21","guid":{"rendered":"https:\/\/constantin.com.pl\/?page_id=130"},"modified":"2026-04-21T14:53:40","modified_gmt":"2026-04-21T12:53:40","slug":"constantin-com-pl","status":"publish","type":"page","link":"https:\/\/constantin.com.pl\/","title":{"rendered":"Sala Bankietowa Constantin"},"content":{"rendered":"\t\t<div data-elementor-type=\"wp-page\" data-elementor-id=\"130\" class=\"elementor elementor-130\">\n\t\t\t\t<div class=\"elementor-element elementor-element-edf4730 e-flex e-con-boxed e-con e-parent\" data-id=\"edf4730\" data-element_type=\"container\" data-e-type=\"container\" data-settings=\"{&quot;background_background&quot;:&quot;classic&quot;}\">\n\t\t\t\t\t<div class=\"e-con-inner\">\n\t\t<div class=\"elementor-element elementor-element-5b24b91 e-con-full e-flex e-con e-child\" data-id=\"5b24b91\" data-element_type=\"container\" data-e-type=\"container\">\n\t\t\t\t<div class=\"elementor-element elementor-element-610b8fc elementor-widget elementor-widget-image\" data-id=\"610b8fc\" data-element_type=\"widget\" data-e-type=\"widget\" data-widget_type=\"image.default\">\n\t\t\t\t\t\t\t\t\t\t\t\t\t\t\t<img decoding=\"async\" src=\"https:\/\/constantin.com.pl\/wp-content\/uploads\/2026\/04\/unnamed.webp\" title=\"unnamed\" alt=\"unnamed\" loading=\"lazy\" \/>\t\t\t\t\t\t\t\t\t\t\t\t\t\t\t<\/div>\n\t\t\t\t<\/div>\n\t\t<div class=\"elementor-element elementor-element-047c0d3 e-con-full e-flex e-con e-child\" data-id=\"047c0d3\" data-element_type=\"container\" data-e-type=\"container\">\n\t\t\t\t\t\t\t\t<p class=\"e-c199dcf-a2eb391 e-paragraph-base\" data-interaction-id=\"c199dcf\"  >\n\t\t\t\t\t\t\t\tConstantin - elegancka sala bankietowa w Bytomiu, stworzona z my\u015bl\u0105 o organizacji niezapomnianych przyj\u0119\u0107 na najwy\u017cszym poziomie. To wyj\u0105tkowe miejsce, w kt\u00f3rym spe\u0142niaj\u0105 si\u0119 marzenia o perfekcyjnym weselu, presti\u017cowym bankiecie czy kameralnym spotkaniu w gronie najbli\u017cszych.<br><br>Z powodzeniem realizujemy zar\u00f3wno rodzinne uroczysto\u015bci, jak i du\u017ce, wystawne przyj\u0119cia. Oferujemy tak\u017ce kompleksow\u0105, profesjonaln\u0105 obs\u0142ug\u0119 wydarze\u0144 firmowych \u2013 od eleganckich kolacji po spotkania integracyjne, dbaj\u0105c o ka\u017cdy detal i najwy\u017cszy standard organizacji.<br>\n\t\t\t\t\t<\/p>\n\t\t\t\t<\/div>\n\t\t\t\t\t<\/div>\n\t\t\t\t<\/div>\n\t\t<div class=\"elementor-element elementor-element-712492a e-flex e-con-boxed e-con e-parent\" data-id=\"712492a\" data-element_type=\"container\" data-e-type=\"container\" data-settings=\"{&quot;background_background&quot;:&quot;classic&quot;}\">\n\t\t\t\t\t<div class=\"e-con-inner\">\n\t\t<div class=\"elementor-element elementor-element-8747911 e-con-full e-flex e-con e-child\" data-id=\"8747911\" data-element_type=\"container\" data-e-type=\"container\">\n\t\t\t\t\t\t\t\t<p class=\"e-b7a567d-3fd2067 e-paragraph-base\" data-interaction-id=\"b7a567d\"  >\n\t\t\t\t\t\t\t\tSala Bankietowa Constantin to nie tylko stylowe wn\u0119trza, ale tak\u017ce estetyczne, zadbane otoczenie. To idealna przestrze\u0144 zar\u00f3wno do wykonania pi\u0119knych, pami\u0105tkowych zdj\u0119\u0107, jak i chwili relaksu na \u015bwie\u017cym powietrzu. Przestronny ogr\u00f3d z eleganckimi alejkami, starannie zaprojektowan\u0105 zieleni\u0105 i klimatycznym o\u015bwietleniem stanowi doskona\u0142e t\u0142o dla wyj\u0105tkowych chwil.<br><br>Zapraszamy do kontaktu \u2013 z przyjemno\u015bci\u0105 pomo\u017cemy stworzy\u0107 wydarzenie, kt\u00f3re na d\u0142ugo pozostanie w pami\u0119ci Twoich Go\u015bci.\n\t\t\t\t\t<\/p>\n\t\t\t\t<\/div>\n\t\t<div class=\"elementor-element elementor-element-b5b85eb e-con-full e-flex e-con e-child\" data-id=\"b5b85eb\" data-element_type=\"container\" data-e-type=\"container\">\n\t\t\t\t\t\t\t\n\t\t<img class=\"e-image-base \" \n\t\t\t\t\tdata-interaction-id=\"6f71d0c\" \n\t\t \n\t\t \n\t\t\t\t\t\t\t\t\tid=\"135\"\n\t\t\t\t\t\t\t\t\t\t\t\tsrc=\"https:\/\/constantin.com.pl\/wp-content\/uploads\/2026\/04\/ogrod.jpg\"\n\t\t\t\t\t\t\t\t\t\t\t\twidth=\"1200\"\n\t\t\t\t\t\t\t\t\t\t\t\theight=\"801\"\n\t\t\t\t\t\t\t\t\t\t\t\tsrcset=\"https:\/\/constantin.com.pl\/wp-content\/uploads\/2026\/04\/ogrod.jpg 1200w, https:\/\/constantin.com.pl\/wp-content\/uploads\/2026\/04\/ogrod-300x200.jpg 300w, https:\/\/constantin.com.pl\/wp-content\/uploads\/2026\/04\/ogrod-1024x684.jpg 1024w, https:\/\/constantin.com.pl\/wp-content\/uploads\/2026\/04\/ogrod-768x513.jpg 768w\"\n\t\t\t\t\t\t\t\t\t\t\t\talt=\"\"\n\t\t\t\t\t\t\/>\n\t\t\t\t\t<\/div>\n\t\t\t\t\t<\/div>\n\t\t\t\t<\/div>\n\t\t<div class=\"elementor-element elementor-element-04625e8 e-flex e-con-boxed e-con e-parent\" data-id=\"04625e8\" data-element_type=\"container\" data-e-type=\"container\">\n\t\t\t\t\t<div class=\"e-con-inner\">\n\t\t\t\t<div class=\"elementor-element elementor-element-eafb09a elementor-widget elementor-widget-menu-anchor\" data-id=\"eafb09a\" data-element_type=\"widget\" data-e-type=\"widget\" data-widget_type=\"menu-anchor.default\">\n\t\t\t\t\t\t\t<div class=\"elementor-menu-anchor\" id=\"O-nas\"><\/div>\n\t\t\t\t\t\t<\/div>\n\t\t\t\t\t<\/div>\n\t\t\t\t<\/div>\n\t\t<div class=\"elementor-element elementor-element-76c43e6 e-flex e-con-boxed e-con e-parent\" data-id=\"76c43e6\" data-element_type=\"container\" data-e-type=\"container\" data-settings=\"{&quot;background_background&quot;:&quot;classic&quot;}\">\n\t\t\t\t\t<div class=\"e-con-inner\">\n\t\t\t\t\t\t\t<h2 \n\t\tdata-interaction-id=\"327b804\" \n\t\tclass=\"e-327b804-6584e6d e-heading-base\" \n\t\t \n\t\t\n\t>\n\t\n\t\t\tDlaczego warto wybra\u0107 Constantin?\n\t\t<\/h2>\n\t\t\t\t\t<\/div>\n\t\t\t\t<\/div>\n\t\t<div class=\"elementor-element elementor-element-9bb611e e-flex e-con-boxed elementor-invisible e-con e-parent\" data-id=\"9bb611e\" data-element_type=\"container\" data-e-type=\"container\" data-settings=\"{&quot;background_background&quot;:&quot;classic&quot;,&quot;animation&quot;:&quot;fadeInLeft&quot;}\">\n\t\t\t\t\t<div class=\"e-con-inner\">\n\t\t\t\t<div class=\"elementor-element elementor-element-620dd23 elementor-icon-list--layout-traditional elementor-list-item-link-full_width elementor-widget elementor-widget-icon-list\" data-id=\"620dd23\" data-element_type=\"widget\" data-e-type=\"widget\" data-widget_type=\"icon-list.default\">\n\t\t\t\t\t\t\t<ul class=\"elementor-icon-list-items\">\n\t\t\t\t\t\t\t<li class=\"elementor-icon-list-item\">\n\t\t\t\t\t\t\t\t\t\t\t<span class=\"elementor-icon-list-icon\">\n\t\t\t\t\t\t\t<svg aria-hidden=\"true\" class=\"e-font-icon-svg e-far-check-circle\" viewBox=\"0 0 512 512\" xmlns=\"http:\/\/www.w3.org\/2000\/svg\"><path d=\"M256 8C119.033 8 8 119.033 8 256s111.033 248 248 248 248-111.033 248-248S392.967 8 256 8zm0 48c110.532 0 200 89.451 200 200 0 110.532-89.451 200-200 200-110.532 0-200-89.451-200-200 0-110.532 89.451-200 200-200m140.204 130.267l-22.536-22.718c-4.667-4.705-12.265-4.736-16.97-.068L215.346 303.697l-59.792-60.277c-4.667-4.705-12.265-4.736-16.97-.069l-22.719 22.536c-4.705 4.667-4.736 12.265-.068 16.971l90.781 91.516c4.667 4.705 12.265 4.736 16.97.068l172.589-171.204c4.704-4.668 4.734-12.266.067-16.971z\"><\/path><\/svg>\t\t\t\t\t\t<\/span>\n\t\t\t\t\t\t\t\t\t\t<span class=\"elementor-icon-list-text\">Elegancja i komfort w jednym miejscu.<\/span>\n\t\t\t\t\t\t\t\t\t<\/li>\n\t\t\t\t\t\t\t\t<li class=\"elementor-icon-list-item\">\n\t\t\t\t\t\t\t\t\t\t\t<span class=\"elementor-icon-list-icon\">\n\t\t\t\t\t\t\t<svg aria-hidden=\"true\" class=\"e-font-icon-svg e-far-check-circle\" viewBox=\"0 0 512 512\" xmlns=\"http:\/\/www.w3.org\/2000\/svg\"><path d=\"M256 8C119.033 8 8 119.033 8 256s111.033 248 248 248 248-111.033 248-248S392.967 8 256 8zm0 48c110.532 0 200 89.451 200 200 0 110.532-89.451 200-200 200-110.532 0-200-89.451-200-200 0-110.532 89.451-200 200-200m140.204 130.267l-22.536-22.718c-4.667-4.705-12.265-4.736-16.97-.068L215.346 303.697l-59.792-60.277c-4.667-4.705-12.265-4.736-16.97-.069l-22.719 22.536c-4.705 4.667-4.736 12.265-.068 16.971l90.781 91.516c4.667 4.705 12.265 4.736 16.97.068l172.589-171.204c4.704-4.668 4.734-12.266.067-16.971z\"><\/path><\/svg>\t\t\t\t\t\t<\/span>\n\t\t\t\t\t\t\t\t\t\t<span class=\"elementor-icon-list-text\">Stylowe, klimatyzowane wn\u0119trza zapewniaj\u0105 wygod\u0119 o ka\u017cdej porze roku i podkre\u015blaj\u0105 wyj\u0105tkowy charakter wydarzenia.<\/span>\n\t\t\t\t\t\t\t\t\t<\/li>\n\t\t\t\t\t\t\t\t<li class=\"elementor-icon-list-item\">\n\t\t\t\t\t\t\t\t\t\t\t<span class=\"elementor-icon-list-icon\">\n\t\t\t\t\t\t\t<svg aria-hidden=\"true\" class=\"e-font-icon-svg e-far-check-circle\" viewBox=\"0 0 512 512\" xmlns=\"http:\/\/www.w3.org\/2000\/svg\"><path d=\"M256 8C119.033 8 8 119.033 8 256s111.033 248 248 248 248-111.033 248-248S392.967 8 256 8zm0 48c110.532 0 200 89.451 200 200 0 110.532-89.451 200-200 200-110.532 0-200-89.451-200-200 0-110.532 89.451-200 200-200m140.204 130.267l-22.536-22.718c-4.667-4.705-12.265-4.736-16.97-.068L215.346 303.697l-59.792-60.277c-4.667-4.705-12.265-4.736-16.97-.069l-22.719 22.536c-4.705 4.667-4.736 12.265-.068 16.971l90.781 91.516c4.667 4.705 12.265 4.736 16.97.068l172.589-171.204c4.704-4.668 4.734-12.266.067-16.971z\"><\/path><\/svg>\t\t\t\t\t\t<\/span>\n\t\t\t\t\t\t\t\t\t\t<span class=\"elementor-icon-list-text\">Element listy<\/span>\n\t\t\t\t\t\t\t\t\t<\/li>\n\t\t\t\t\t\t<\/ul>\n\t\t\t\t\t\t<\/div>\n\t\t\t\t\t<\/div>\n\t\t\t\t<\/div>\n\t\t\t\t<\/div>\n\t\t","protected":false},"excerpt":{"rendered":"<p>Constantin &#8211; elegancka sala bankietowa w Bytomiu, stworzona z my\u015bl\u0105 o organizacji niezapomnianych przyj\u0119\u0107 na najwy\u017cszym poziomie. To wyj\u0105tkowe miejsce, w kt\u00f3rym spe\u0142niaj\u0105 si\u0119 marzenia o perfekcyjnym weselu, presti\u017cowym bankiecie czy kameralnym spotkaniu w gronie najbli\u017cszych. Z powodzeniem realizujemy zar\u00f3wno rodzinne uroczysto\u015bci, jak i du\u017ce, wystawne przyj\u0119cia. Oferujemy tak\u017ce kompleksow\u0105, profesjonaln\u0105 obs\u0142ug\u0119 wydarze\u0144 firmowych \u2013 [&hellip;]<\/p>\n","protected":false},"author":1,"featured_media":0,"parent":0,"menu_order":0,"comment_status":"closed","ping_status":"closed","template":"elementor_header_footer","meta":{"footnotes":""},"class_list":["post-130","page","type-page","status-publish","hentry"],"_links":{"self":[{"href":"https:\/\/constantin.com.pl\/index.php?rest_route=\/wp\/v2\/pages\/130","targetHints":{"allow":["GET"]}}],"collection":[{"href":"https:\/\/constantin.com.pl\/index.php?rest_route=\/wp\/v2\/pages"}],"about":[{"href":"https:\/\/constantin.com.pl\/index.php?rest_route=\/wp\/v2\/types\/page"}],"author":[{"embeddable":true,"href":"https:\/\/constantin.com.pl\/index.php?rest_route=\/wp\/v2\/users\/1"}],"replies":[{"embeddable":true,"href":"https:\/\/constantin.com.pl\/index.php?rest_route=%2Fwp%2Fv2%2Fcomments&post=130"}],"version-history":[{"count":32,"href":"https:\/\/constantin.com.pl\/index.php?rest_route=\/wp\/v2\/pages\/130\/revisions"}],"predecessor-version":[{"id":170,"href":"https:\/\/constantin.com.pl\/index.php?rest_route=\/wp\/v2\/pages\/130\/revisions\/170"}],"wp:attachment":[{"href":"https:\/\/constantin.com.pl\/index.php?rest_route=%2Fwp%2Fv2%2Fmedia&parent=130"}],"curies":[{"name":"wp","href":"https:\/\/api.w.org\/{rel}","templated":true}]}}